{"id":1600,"date":"2016-07-12T15:14:28","date_gmt":"2016-07-12T15:14:28","guid":{"rendered":"http:\/\/apqen.projetlab.ca\/?page_id=1600"},"modified":"2023-04-19T13:09:59","modified_gmt":"2023-04-19T17:09:59","slug":"mission","status":"publish","type":"page","link":"https:\/\/poumonquebec.ca\/en\/about-us\/the-association\/mission\/","title":{"rendered":"Mission"},"content":{"rendered":"","protected":false},"excerpt":{"rendered":"","protected":false},"author":4,"featured_media":0,"parent":1590,"menu_order":0,"comment_status":"closed","ping_status":"closed","template":"","meta":{"_acf_changed":false,"footnotes":""},"class_list":["post-1600","page","type-page","status-publish","hentry"],"acf":[],"yoast_head":"<!-- This site is optimized with the Yoast SEO Premium plugin v27.4 (Yoast SEO v27.4) - https:\/\/yoast.com\/product\/yoast-seo-premium-wordpress\/ -->\n<title>Mission - Association pulmonaire du Qu\u00e9bec<\/title>\n<meta name=\"description\" content=\"Le Comit\u00e9 provincial contre la tuberculose vit le jour en 1938. Dans le but de mobiliser les efforts pour enrayer la peste blanche et de favoriser l\u2019\u00e9ducation du public, ce comit\u00e9 regroupa les ligues antituberculeuses du Qu\u00e9bec.\" \/>\n<meta name=\"robots\" content=\"index, follow, max-snippet:-1, max-image-preview:large, max-video-preview:-1\" \/>\n<link rel=\"canonical\" href=\"https:\/\/poumonquebec.ca\/en\/about-us\/the-association\/mission\/\" \/>\n<meta property=\"og:locale\" content=\"en_US\" \/>\n<meta property=\"og:type\" content=\"article\" \/>\n<meta property=\"og:title\" content=\"Mission\" \/>\n<meta property=\"og:description\" content=\"Le Comit\u00e9 provincial contre la tuberculose vit le jour en 1938. Dans le but de mobiliser les efforts pour enrayer la peste blanche et de favoriser l\u2019\u00e9ducation du public, ce comit\u00e9 regroupa les ligues antituberculeuses du Qu\u00e9bec.\" \/>\n<meta property=\"og:url\" content=\"https:\/\/poumonquebec.ca\/en\/about-us\/the-association\/mission\/\" \/>\n<meta property=\"og:site_name\" content=\"Association pulmonaire du Qu\u00e9bec\" \/>\n<meta property=\"article:publisher\" content=\"https:\/\/www.facebook.com\/poumon.qc\/\" \/>\n<meta property=\"article:modified_time\" content=\"2023-04-19T17:09:59+00:00\" \/>\n<meta name=\"twitter:card\" content=\"summary_large_image\" \/>\n<meta name=\"twitter:site\" content=\"@assopulmqc\" \/>\n<script type=\"application\/ld+json\" class=\"yoast-schema-graph\">{\"@context\":\"https:\\\/\\\/schema.org\",\"@graph\":[{\"@type\":\"WebPage\",\"@id\":\"https:\\\/\\\/poumonquebec.ca\\\/en\\\/about-us\\\/the-association\\\/mission\\\/\",\"url\":\"https:\\\/\\\/poumonquebec.ca\\\/en\\\/about-us\\\/the-association\\\/mission\\\/\",\"name\":\"Mission - Association pulmonaire du Qu\u00e9bec\",\"isPartOf\":{\"@id\":\"https:\\\/\\\/poumonquebec.ca\\\/#website\"},\"datePublished\":\"2016-07-12T15:14:28+00:00\",\"dateModified\":\"2023-04-19T17:09:59+00:00\",\"description\":\"Le Comit\u00e9 provincial contre la tuberculose vit le jour en 1938. Dans le but de mobiliser les efforts pour enrayer la peste blanche et de favoriser l\u2019\u00e9ducation du public, ce comit\u00e9 regroupa les ligues antituberculeuses du Qu\u00e9bec.\",\"breadcrumb\":{\"@id\":\"https:\\\/\\\/poumonquebec.ca\\\/en\\\/about-us\\\/the-association\\\/mission\\\/#breadcrumb\"},\"inLanguage\":\"en-US\",\"potentialAction\":[{\"@type\":\"ReadAction\",\"target\":[\"https:\\\/\\\/poumonquebec.ca\\\/en\\\/about-us\\\/the-association\\\/mission\\\/\"]}]},{\"@type\":\"BreadcrumbList\",\"@id\":\"https:\\\/\\\/poumonquebec.ca\\\/en\\\/about-us\\\/the-association\\\/mission\\\/#breadcrumb\",\"itemListElement\":[{\"@type\":\"ListItem\",\"position\":1,\"name\":\"Accueil\",\"item\":\"https:\\\/\\\/poumonquebec.ca\\\/en\\\/\"},{\"@type\":\"ListItem\",\"position\":2,\"name\":\"About us\",\"item\":\"https:\\\/\\\/poumonquebec.ca\\\/en\\\/about-us\\\/\"},{\"@type\":\"ListItem\",\"position\":3,\"name\":\"The association\",\"item\":\"https:\\\/\\\/poumonquebec.ca\\\/en\\\/about-us\\\/the-association\\\/\"},{\"@type\":\"ListItem\",\"position\":4,\"name\":\"Mission\"}]},{\"@type\":\"WebSite\",\"@id\":\"https:\\\/\\\/poumonquebec.ca\\\/#website\",\"url\":\"https:\\\/\\\/poumonquebec.ca\\\/\",\"name\":\"Association pulmonaire du Qu\u00e9bec\",\"description\":\"\",\"publisher\":{\"@id\":\"https:\\\/\\\/poumonquebec.ca\\\/#organization\"},\"potentialAction\":[{\"@type\":\"SearchAction\",\"target\":{\"@type\":\"EntryPoint\",\"urlTemplate\":\"https:\\\/\\\/poumonquebec.ca\\\/?s={search_term_string}\"},\"query-input\":{\"@type\":\"PropertyValueSpecification\",\"valueRequired\":true,\"valueName\":\"search_term_string\"}}],\"inLanguage\":\"en-US\"},{\"@type\":\"Organization\",\"@id\":\"https:\\\/\\\/poumonquebec.ca\\\/#organization\",\"name\":\"Association pulmonaire du Quebec\",\"url\":\"https:\\\/\\\/poumonquebec.ca\\\/\",\"logo\":{\"@type\":\"ImageObject\",\"inLanguage\":\"en-US\",\"@id\":\"https:\\\/\\\/poumonquebec.ca\\\/#\\\/schema\\\/logo\\\/image\\\/\",\"url\":\"https:\\\/\\\/poumonquebec.ca\\\/wp-content\\\/uploads\\\/2022\\\/07\\\/logo-email-wpforms.jpg\",\"contentUrl\":\"https:\\\/\\\/poumonquebec.ca\\\/wp-content\\\/uploads\\\/2022\\\/07\\\/logo-email-wpforms.jpg\",\"width\":300,\"height\":100,\"caption\":\"Association pulmonaire du Quebec\"},\"image\":{\"@id\":\"https:\\\/\\\/poumonquebec.ca\\\/#\\\/schema\\\/logo\\\/image\\\/\"},\"sameAs\":[\"https:\\\/\\\/www.facebook.com\\\/poumon.qc\\\/\",\"https:\\\/\\\/x.com\\\/assopulmqc\",\"https:\\\/\\\/www.instagram.com\\\/Assopulmqc\\\/\",\"https:\\\/\\\/www.youtube.com\\\/user\\\/PoumonAPQ\"]}]}<\/script>\n<!-- \/ Yoast SEO Premium plugin. -->","yoast_head_json":{"title":"Mission - Association pulmonaire du Qu\u00e9bec","description":"Le Comit\u00e9 provincial contre la tuberculose vit le jour en 1938. Dans le but de mobiliser les efforts pour enrayer la peste blanche et de favoriser l\u2019\u00e9ducation du public, ce comit\u00e9 regroupa les ligues antituberculeuses du Qu\u00e9bec.","robots":{"index":"index","follow":"follow","max-snippet":"max-snippet:-1","max-image-preview":"max-image-preview:large","max-video-preview":"max-video-preview:-1"},"canonical":"https:\/\/poumonquebec.ca\/en\/about-us\/the-association\/mission\/","og_locale":"en_US","og_type":"article","og_title":"Mission","og_description":"Le Comit\u00e9 provincial contre la tuberculose vit le jour en 1938. Dans le but de mobiliser les efforts pour enrayer la peste blanche et de favoriser l\u2019\u00e9ducation du public, ce comit\u00e9 regroupa les ligues antituberculeuses du Qu\u00e9bec.","og_url":"https:\/\/poumonquebec.ca\/en\/about-us\/the-association\/mission\/","og_site_name":"Association pulmonaire du Qu\u00e9bec","article_publisher":"https:\/\/www.facebook.com\/poumon.qc\/","article_modified_time":"2023-04-19T17:09:59+00:00","twitter_card":"summary_large_image","twitter_site":"@assopulmqc","schema":{"@context":"https:\/\/schema.org","@graph":[{"@type":"WebPage","@id":"https:\/\/poumonquebec.ca\/en\/about-us\/the-association\/mission\/","url":"https:\/\/poumonquebec.ca\/en\/about-us\/the-association\/mission\/","name":"Mission - Association pulmonaire du Qu\u00e9bec","isPartOf":{"@id":"https:\/\/poumonquebec.ca\/#website"},"datePublished":"2016-07-12T15:14:28+00:00","dateModified":"2023-04-19T17:09:59+00:00","description":"Le Comit\u00e9 provincial contre la tuberculose vit le jour en 1938. Dans le but de mobiliser les efforts pour enrayer la peste blanche et de favoriser l\u2019\u00e9ducation du public, ce comit\u00e9 regroupa les ligues antituberculeuses du Qu\u00e9bec.","breadcrumb":{"@id":"https:\/\/poumonquebec.ca\/en\/about-us\/the-association\/mission\/#breadcrumb"},"inLanguage":"en-US","potentialAction":[{"@type":"ReadAction","target":["https:\/\/poumonquebec.ca\/en\/about-us\/the-association\/mission\/"]}]},{"@type":"BreadcrumbList","@id":"https:\/\/poumonquebec.ca\/en\/about-us\/the-association\/mission\/#breadcrumb","itemListElement":[{"@type":"ListItem","position":1,"name":"Accueil","item":"https:\/\/poumonquebec.ca\/en\/"},{"@type":"ListItem","position":2,"name":"About us","item":"https:\/\/poumonquebec.ca\/en\/about-us\/"},{"@type":"ListItem","position":3,"name":"The association","item":"https:\/\/poumonquebec.ca\/en\/about-us\/the-association\/"},{"@type":"ListItem","position":4,"name":"Mission"}]},{"@type":"WebSite","@id":"https:\/\/poumonquebec.ca\/#website","url":"https:\/\/poumonquebec.ca\/","name":"Association pulmonaire du Qu\u00e9bec","description":"","publisher":{"@id":"https:\/\/poumonquebec.ca\/#organization"},"potentialAction":[{"@type":"SearchAction","target":{"@type":"EntryPoint","urlTemplate":"https:\/\/poumonquebec.ca\/?s={search_term_string}"},"query-input":{"@type":"PropertyValueSpecification","valueRequired":true,"valueName":"search_term_string"}}],"inLanguage":"en-US"},{"@type":"Organization","@id":"https:\/\/poumonquebec.ca\/#organization","name":"Association pulmonaire du Quebec","url":"https:\/\/poumonquebec.ca\/","logo":{"@type":"ImageObject","inLanguage":"en-US","@id":"https:\/\/poumonquebec.ca\/#\/schema\/logo\/image\/","url":"https:\/\/poumonquebec.ca\/wp-content\/uploads\/2022\/07\/logo-email-wpforms.jpg","contentUrl":"https:\/\/poumonquebec.ca\/wp-content\/uploads\/2022\/07\/logo-email-wpforms.jpg","width":300,"height":100,"caption":"Association pulmonaire du Quebec"},"image":{"@id":"https:\/\/poumonquebec.ca\/#\/schema\/logo\/image\/"},"sameAs":["https:\/\/www.facebook.com\/poumon.qc\/","https:\/\/x.com\/assopulmqc","https:\/\/www.instagram.com\/Assopulmqc\/","https:\/\/www.youtube.com\/user\/PoumonAPQ"]}]}},"_links":{"self":[{"href":"https:\/\/poumonquebec.ca\/en\/wp-json\/wp\/v2\/pages\/1600","targetHints":{"allow":["GET"]}}],"collection":[{"href":"https:\/\/poumonquebec.ca\/en\/wp-json\/wp\/v2\/pages"}],"about":[{"href":"https:\/\/poumonquebec.ca\/en\/wp-json\/wp\/v2\/types\/page"}],"author":[{"embeddable":true,"href":"https:\/\/poumonquebec.ca\/en\/wp-json\/wp\/v2\/users\/4"}],"replies":[{"embeddable":true,"href":"https:\/\/poumonquebec.ca\/en\/wp-json\/wp\/v2\/comments?post=1600"}],"version-history":[{"count":9,"href":"https:\/\/poumonquebec.ca\/en\/wp-json\/wp\/v2\/pages\/1600\/revisions"}],"predecessor-version":[{"id":12654,"href":"https:\/\/poumonquebec.ca\/en\/wp-json\/wp\/v2\/pages\/1600\/revisions\/12654"}],"up":[{"embeddable":true,"href":"https:\/\/poumonquebec.ca\/en\/wp-json\/wp\/v2\/pages\/1590"}],"wp:attachment":[{"href":"https:\/\/poumonquebec.ca\/en\/wp-json\/wp\/v2\/media?parent=1600"}],"curies":[{"name":"wp","href":"https:\/\/api.w.org\/{rel}","templated":true}]}}